{"id":5719,"date":"2024-04-22T21:39:13","date_gmt":"2024-04-22T21:39:13","guid":{"rendered":"https:\/\/www.limboo.agency\/?page_id=5719"},"modified":"2024-06-26T22:26:36","modified_gmt":"2024-06-26T22:26:36","slug":"terms-and-conditions","status":"publish","type":"page","link":"https:\/\/www.limboo.agency\/it\/terms-and-conditions\/","title":{"rendered":"T&amp;C"},"content":{"rendered":"<div data-elementor-type=\"wp-page\" data-elementor-id=\"5719\" class=\"elementor elementor-5719\" data-elementor-post-type=\"page\">\n\t\t\t\t\t\t<section class=\"elementor-section elementor-top-section elementor-element elementor-element-22f90b4 elementor-section-full_width qodef-elementor-content-grid elementor-section-height-default elementor-section-height-default wpr-jarallax-no wpr-parallax-no qodef-content-alignment-no\" data-id=\"22f90b4\" data-element_type=\"section\" data-e-type=\"section\">\n\t\t\t\t\t\t<div class=\"elementor-container elementor-column-gap-default\">\n\t\t\t\t\t<div class=\"elementor-column elementor-col-100 elementor-top-column elementor-element elementor-element-14d7a859\" data-id=\"14d7a859\" data-element_type=\"column\" data-e-type=\"column\">\n\t\t\t<div class=\"elementor-widget-wrap elementor-element-populated\">\n\t\t\t\t\t\t<div class=\"elementor-element elementor-element-34ba798 elementor-widget__width-auto elementor-widget elementor-widget-boldlab_core_highlight\" data-id=\"34ba798\" data-element_type=\"widget\" data-e-type=\"widget\" data-widget_type=\"boldlab_core_highlight.default\">\n\t\t\t\t<div class=\"elementor-widget-container\">\n\t\t\t\t\t<h1 class=\"qodef-shortcode qodef-m  qodef-highlight\" >\n\t\t\t<span class=\"qodef-highlight-text\">Termini d'Uso e Condizioni Generali\t<\/h1>\t\t\t\t<\/div>\n\t\t\t\t<\/div>\n\t\t\t\t<div class=\"elementor-element elementor-element-285a344 elementor-widget elementor-widget-text-editor\" data-id=\"285a344\" data-element_type=\"widget\" data-e-type=\"widget\" data-widget_type=\"text-editor.default\">\n\t\t\t\t<div class=\"elementor-widget-container\">\n\t\t\t\t\t\t\t\t\t<p>Please read these General Terms and Conditions (&#8220;Terms&#8221;) carefully before using the website https:\/\/www.limboo.agency (&#8220;Site&#8221;). By using the Site, you agree to be bound by these Terms. If you do not agree to all the Terms, do not use the Site.<\/p><p>\u00a0<\/p><p><strong>Utilizzo del Sito<\/strong><\/p><p>Il contenuto del Sito \u00e8 solo a scopo informativo e non costituisce consulenza legale, finanziaria o professionale. Utilizzando il Sito, accetti di non utilizzare le informazioni fornite per scopi illegali o non autorizzati.<\/p><p>\u00a0<\/p><p><strong>Propriet\u00e0 Intellettuale<\/strong><\/p><p>Il contenuto del Sito, inclusi testi, grafica, loghi, immagini e software, \u00e8 protetto da leggi sul diritto d'autore e altre leggi sulla propriet\u00e0 intellettuale. \u00c8 vietato copiare, distribuire o utilizzare il contenuto del Sito senza autorizzazione.<\/p><p>\u00a0<\/p><p><strong>Limitazione di Responsabilit\u00e0<\/strong><\/p><p>Il Sito \u00e8 fornito \"cos\u00ec com'\u00e8\" e non offriamo garanzie esplicite o implicite sulla sua accuratezza, completezza o idoneit\u00e0 per uno scopo specifico. Non siamo responsabili per eventuali danni derivanti dall'utilizzo o dall'incapacit\u00e0 di utilizzare il Sito.<\/p><p>\u00a0<\/p><p><strong>Collegamenti a Siti di Terze Parti<\/strong><\/p><p>Il Sito pu\u00f2 contenere link a siti web di terze parti che non sono sotto il nostro controllo. Non siamo responsabili per il contenuto o le pratiche di privacy di tali siti. L'inclusione di link non implica un'approvazione da parte nostra dei siti collegati.<\/p><p>\u00a0<\/p><p><strong>Modifiche ai Termini<\/strong><\/p><p>Ci riserviamo il diritto di aggiornare o modificare questi Termini periodicamente senza preavviso. \u00c8 responsabilit\u00e0 dell'utente verificare periodicamente eventuali modifiche. L'uso continuato del Sito dopo la pubblicazione di modifiche costituir\u00e0 accettazione di tali modifiche.<\/p><p>\u00a0<\/p><p><strong>Legge Applicabile<\/strong><\/p><p>Questi Termini sono regolati e interpretati in conformit\u00e0 con le leggi dello Stato Italiano. Qualsiasi controversia derivante da o in relazione a questi Termini sar\u00e0 sottoposta alla giurisdizione esclusiva dei tribunali dello Stato Italiano.<\/p><p>\u00a0<\/p><p><strong>Contatti<\/strong><\/p><p>Per domande o commenti riguardanti questi Termini e Condizioni Generali d'Uso, si prega di contattarci all'indirizzo contact@limboo.agency.<\/p>\t\t\t\t\t\t\t\t<\/div>\n\t\t\t\t<\/div>\n\t\t\t\t\t<\/div>\n\t\t<\/div>\n\t\t\t\t\t<\/div>\n\t\t<\/section>\n\t\t\t\t<section class=\"elementor-section elementor-top-section elementor-element elementor-element-1c74cae elementor-section-full_width qodef-elementor-content-grid elementor-section-height-default elementor-section-height-default wpr-jarallax-no wpr-parallax-no qodef-content-alignment-no\" data-id=\"1c74cae\" data-element_type=\"section\" data-e-type=\"section\" data-settings=\"{&quot;background_background&quot;:&quot;classic&quot;}\">\n\t\t\t\t\t\t<div class=\"elementor-container elementor-column-gap-default\">\n\t\t\t\t\t<div class=\"elementor-column elementor-col-100 elementor-top-column elementor-element elementor-element-3d80317\" data-id=\"3d80317\" data-element_type=\"column\" data-e-type=\"column\">\n\t\t\t<div class=\"elementor-widget-wrap elementor-element-populated\">\n\t\t\t\t\t\t<div class=\"elementor-element elementor-element-5e398cf elementor-widget elementor-widget-boldlab_core_call_to_action\" data-id=\"5e398cf\" data-element_type=\"widget\" data-e-type=\"widget\" data-widget_type=\"boldlab_core_call_to_action.default\">\n\t\t\t\t<div class=\"elementor-widget-container\">\n\t\t\t\t\t<div class=\"qodef-shortcode qodef-m  qodef-call-to-action qodef-layout--standard qodef-style--stretched\">\n\t<div class=\"qodef-m-inner\">\n\t\t\t<div class=\"qodef-m-content\"><h3>Interessati a lavorare insieme? Lascia un messaggio!<\/h3><\/div>\n\t\t\t<div class=\"qodef-m-button\">\n\t\t<a class=\"qodef-shortcode qodef-m  qodef-button qodef-layout--filled\" href=\"mailto:contact@limboo.agency\" target=\"_self\" data-hover-color=\"#000000\" data-hover-background-color=\"#FFFFFF\" data-hover-border-color=\"#000000\" >\t<span class=\"qodef-m-text\">Contattaci<\/span><\/a>\t<\/div>\n\t<\/div>\n<\/div>\t\t\t\t<\/div>\n\t\t\t\t<\/div>\n\t\t\t\t\t<\/div>\n\t\t<\/div>\n\t\t\t\t\t<\/div>\n\t\t<\/section>\n\t\t\t\t<\/div>","protected":false},"excerpt":{"rendered":"<p>General Terms and Conditions Please read these General Terms and Conditions (&#8220;Terms&#8221;) carefully before using the website https:\/\/www.limboo.agency (&#8220;Site&#8221;). By using the Site, you agree to be bound by these Terms. If you do not agree to all the Terms, do not use the Site. \u00a0 Use of the Site The content of the Site is for informational purposes only and does not constitute legal, financial or professional advice. By using the Site, you agree not to use the information provided for illegal or unauthorised purposes. \u00a0 Intellectual Property The content of the Site, including text, graphics, logos, images and software, is protected by copyright and other intellectual property laws. It is prohibited to copy, distribute or use the content of the Site without permission. \u00a0 Limitation of Liability The Site is provided &#8220;as is&#8221; and we make no express or implied warranties as to its accuracy, completeness or fitness for a particular purpose. We are not liable for any damages arising out of the use or inability to use the Site. \u00a0 Links to Third Party Sites The Site may contain links to third party websites that are not under our control. We are not responsible for the content or privacy practices of such sites. The inclusion of links does not imply an endorsement by us of the linked sites. \u00a0 Changes to the Terms We reserve the right to update or modify these Terms periodically without notice. It is your responsibility to periodically check for changes. Your continued use of the Site following the posting of changes will constitute your acceptance of those changes. \u00a0 Applicable Law These Terms shall be governed by and construed in accordance with the laws of the State of Italy. Any dispute arising out of or in connection with these Terms shall be submitted to the exclusive jurisdiction of the courts of the State of Italy. \u00a0 Contact If you have any questions or comments regarding these General Terms and Conditions of Use, please contact us at contact@limboo.agency. Interested in working together? Contact us! Get in Touch!<\/p>","protected":false},"author":1,"featured_media":0,"parent":0,"menu_order":0,"comment_status":"closed","ping_status":"closed","template":"page-full-width.php","meta":{"footnotes":""},"class_list":["post-5719","page","type-page","status-publish","hentry"],"yoast_head":"<!-- This site is optimized with the Yoast SEO plugin v27.1.1 - https:\/\/yoast.com\/product\/yoast-seo-wordpress\/ -->\n<title>TERMS AND CONDITIONS - Limboo Agency<\/title>\n<meta name=\"robots\" content=\"index, follow, max-snippet:-1, max-image-preview:large, max-video-preview:-1\" \/>\n<link rel=\"canonical\" href=\"https:\/\/qzylubau.elementor.cloud\/terms-and-conditions\/\" \/>\n<meta property=\"og:locale\" content=\"it_IT\" \/>\n<meta property=\"og:type\" content=\"article\" \/>\n<meta property=\"og:title\" content=\"TERMS AND CONDITIONS - Limboo Agency\" \/>\n<meta property=\"og:description\" content=\"General Terms and Conditions Please read these General Terms and Conditions (&#8220;Terms&#8221;) carefully before using the website https:\/\/www.limboo.agency (&#8220;Site&#8221;). By using the Site, you agree to be bound by these Terms. If you do not agree to all the Terms, do not use the Site. \u00a0 Use of the Site The content of the Site is for informational purposes only and does not constitute legal, financial or professional advice. By using the Site, you agree not to use the information provided for illegal or unauthorised purposes. \u00a0 Intellectual Property The content of the Site, including text, graphics, logos, images and software, is protected by copyright and other intellectual property laws. It is prohibited to copy, distribute or use the content of the Site without permission. \u00a0 Limitation of Liability The Site is provided &#8220;as is&#8221; and we make no express or implied warranties as to its accuracy, completeness or fitness for a particular purpose. We are not liable for any damages arising out of the use or inability to use the Site. \u00a0 Links to Third Party Sites The Site may contain links to third party websites that are not under our control. We are not responsible for the content or privacy practices of such sites. The inclusion of links does not imply an endorsement by us of the linked sites. \u00a0 Changes to the Terms We reserve the right to update or modify these Terms periodically without notice. It is your responsibility to periodically check for changes. Your continued use of the Site following the posting of changes will constitute your acceptance of those changes. \u00a0 Applicable Law These Terms shall be governed by and construed in accordance with the laws of the State of Italy. Any dispute arising out of or in connection with these Terms shall be submitted to the exclusive jurisdiction of the courts of the State of Italy. \u00a0 Contact If you have any questions or comments regarding these General Terms and Conditions of Use, please contact us at contact@limboo.agency. Interested in working together? Contact us! Get in Touch!\" \/>\n<meta property=\"og:url\" content=\"https:\/\/qzylubau.elementor.cloud\/terms-and-conditions\/\" \/>\n<meta property=\"og:site_name\" content=\"Limboo Agency\" \/>\n<meta property=\"article:modified_time\" content=\"2024-06-26T22:26:36+00:00\" \/>\n<meta name=\"twitter:card\" content=\"summary_large_image\" \/>\n<meta name=\"twitter:label1\" content=\"Tempo di lettura stimato\" \/>\n\t<meta name=\"twitter:data1\" content=\"2 minuti\" \/>\n<script type=\"application\/ld+json\" class=\"yoast-schema-graph\">{\"@context\":\"https:\/\/schema.org\",\"@graph\":[{\"@type\":\"WebPage\",\"@id\":\"https:\/\/qzylubau.elementor.cloud\/terms-and-conditions\/\",\"url\":\"https:\/\/qzylubau.elementor.cloud\/terms-and-conditions\/\",\"name\":\"TERMS AND CONDITIONS - Limboo Agency\",\"isPartOf\":{\"@id\":\"https:\/\/qzylubau.elementor.cloud\/#website\"},\"datePublished\":\"2024-04-22T21:39:13+00:00\",\"dateModified\":\"2024-06-26T22:26:36+00:00\",\"breadcrumb\":{\"@id\":\"https:\/\/qzylubau.elementor.cloud\/terms-and-conditions\/#breadcrumb\"},\"inLanguage\":\"it-IT\",\"potentialAction\":[{\"@type\":\"ReadAction\",\"target\":[\"https:\/\/qzylubau.elementor.cloud\/terms-and-conditions\/\"]}]},{\"@type\":\"BreadcrumbList\",\"@id\":\"https:\/\/qzylubau.elementor.cloud\/terms-and-conditions\/#breadcrumb\",\"itemListElement\":[{\"@type\":\"ListItem\",\"position\":1,\"name\":\"Home\",\"item\":\"https:\/\/www.limboo.agency\/\"},{\"@type\":\"ListItem\",\"position\":2,\"name\":\"TERMS AND CONDITIONS\"}]},{\"@type\":\"WebSite\",\"@id\":\"https:\/\/qzylubau.elementor.cloud\/#website\",\"url\":\"https:\/\/qzylubau.elementor.cloud\/\",\"name\":\"Limboo Agency\",\"description\":\"Limboo\",\"publisher\":{\"@id\":\"https:\/\/qzylubau.elementor.cloud\/#organization\"},\"potentialAction\":[{\"@type\":\"SearchAction\",\"target\":{\"@type\":\"EntryPoint\",\"urlTemplate\":\"https:\/\/qzylubau.elementor.cloud\/?s={search_term_string}\"},\"query-input\":{\"@type\":\"PropertyValueSpecification\",\"valueRequired\":true,\"valueName\":\"search_term_string\"}}],\"inLanguage\":\"it-IT\"},{\"@type\":\"Organization\",\"@id\":\"https:\/\/qzylubau.elementor.cloud\/#organization\",\"name\":\"Limboo Agency\",\"url\":\"https:\/\/qzylubau.elementor.cloud\/\",\"logo\":{\"@type\":\"ImageObject\",\"inLanguage\":\"it-IT\",\"@id\":\"https:\/\/qzylubau.elementor.cloud\/#\/schema\/logo\/image\/\",\"url\":\"https:\/\/www.limboo.agency\/wp-content\/uploads\/2024\/04\/cropped-Limboo-Favicon-copy.webp\",\"contentUrl\":\"https:\/\/www.limboo.agency\/wp-content\/uploads\/2024\/04\/cropped-Limboo-Favicon-copy.webp\",\"width\":512,\"height\":512,\"caption\":\"Limboo Agency\"},\"image\":{\"@id\":\"https:\/\/qzylubau.elementor.cloud\/#\/schema\/logo\/image\/\"}}]}<\/script>\n<!-- \/ Yoast SEO plugin. -->","yoast_head_json":{"title":"TERMS AND CONDITIONS - Limboo Agency","robots":{"index":"index","follow":"follow","max-snippet":"max-snippet:-1","max-image-preview":"max-image-preview:large","max-video-preview":"max-video-preview:-1"},"canonical":"https:\/\/qzylubau.elementor.cloud\/terms-and-conditions\/","og_locale":"it_IT","og_type":"article","og_title":"TERMS AND CONDITIONS - Limboo Agency","og_description":"General Terms and Conditions Please read these General Terms and Conditions (&#8220;Terms&#8221;) carefully before using the website https:\/\/www.limboo.agency (&#8220;Site&#8221;). By using the Site, you agree to be bound by these Terms. If you do not agree to all the Terms, do not use the Site. \u00a0 Use of the Site The content of the Site is for informational purposes only and does not constitute legal, financial or professional advice. By using the Site, you agree not to use the information provided for illegal or unauthorised purposes. \u00a0 Intellectual Property The content of the Site, including text, graphics, logos, images and software, is protected by copyright and other intellectual property laws. It is prohibited to copy, distribute or use the content of the Site without permission. \u00a0 Limitation of Liability The Site is provided &#8220;as is&#8221; and we make no express or implied warranties as to its accuracy, completeness or fitness for a particular purpose. We are not liable for any damages arising out of the use or inability to use the Site. \u00a0 Links to Third Party Sites The Site may contain links to third party websites that are not under our control. We are not responsible for the content or privacy practices of such sites. The inclusion of links does not imply an endorsement by us of the linked sites. \u00a0 Changes to the Terms We reserve the right to update or modify these Terms periodically without notice. It is your responsibility to periodically check for changes. Your continued use of the Site following the posting of changes will constitute your acceptance of those changes. \u00a0 Applicable Law These Terms shall be governed by and construed in accordance with the laws of the State of Italy. Any dispute arising out of or in connection with these Terms shall be submitted to the exclusive jurisdiction of the courts of the State of Italy. \u00a0 Contact If you have any questions or comments regarding these General Terms and Conditions of Use, please contact us at contact@limboo.agency. Interested in working together? Contact us! Get in Touch!","og_url":"https:\/\/qzylubau.elementor.cloud\/terms-and-conditions\/","og_site_name":"Limboo Agency","article_modified_time":"2024-06-26T22:26:36+00:00","twitter_card":"summary_large_image","twitter_misc":{"Tempo di lettura stimato":"2 minuti"},"schema":{"@context":"https:\/\/schema.org","@graph":[{"@type":"WebPage","@id":"https:\/\/qzylubau.elementor.cloud\/terms-and-conditions\/","url":"https:\/\/qzylubau.elementor.cloud\/terms-and-conditions\/","name":"TERMS AND CONDITIONS - Limboo Agency","isPartOf":{"@id":"https:\/\/qzylubau.elementor.cloud\/#website"},"datePublished":"2024-04-22T21:39:13+00:00","dateModified":"2024-06-26T22:26:36+00:00","breadcrumb":{"@id":"https:\/\/qzylubau.elementor.cloud\/terms-and-conditions\/#breadcrumb"},"inLanguage":"it-IT","potentialAction":[{"@type":"ReadAction","target":["https:\/\/qzylubau.elementor.cloud\/terms-and-conditions\/"]}]},{"@type":"BreadcrumbList","@id":"https:\/\/qzylubau.elementor.cloud\/terms-and-conditions\/#breadcrumb","itemListElement":[{"@type":"ListItem","position":1,"name":"Home","item":"https:\/\/www.limboo.agency\/"},{"@type":"ListItem","position":2,"name":"TERMS AND CONDITIONS"}]},{"@type":"WebSite","@id":"https:\/\/qzylubau.elementor.cloud\/#website","url":"https:\/\/qzylubau.elementor.cloud\/","name":"Limboo Agency","description":"Limboo","publisher":{"@id":"https:\/\/qzylubau.elementor.cloud\/#organization"},"potentialAction":[{"@type":"SearchAction","target":{"@type":"EntryPoint","urlTemplate":"https:\/\/qzylubau.elementor.cloud\/?s={search_term_string}"},"query-input":{"@type":"PropertyValueSpecification","valueRequired":true,"valueName":"search_term_string"}}],"inLanguage":"it-IT"},{"@type":"Organization","@id":"https:\/\/qzylubau.elementor.cloud\/#organization","name":"Limboo Agency","url":"https:\/\/qzylubau.elementor.cloud\/","logo":{"@type":"ImageObject","inLanguage":"it-IT","@id":"https:\/\/qzylubau.elementor.cloud\/#\/schema\/logo\/image\/","url":"https:\/\/www.limboo.agency\/wp-content\/uploads\/2024\/04\/cropped-Limboo-Favicon-copy.webp","contentUrl":"https:\/\/www.limboo.agency\/wp-content\/uploads\/2024\/04\/cropped-Limboo-Favicon-copy.webp","width":512,"height":512,"caption":"Limboo Agency"},"image":{"@id":"https:\/\/qzylubau.elementor.cloud\/#\/schema\/logo\/image\/"}}]}},"_links":{"self":[{"href":"https:\/\/www.limboo.agency\/it\/wp-json\/wp\/v2\/pages\/5719","targetHints":{"allow":["GET"]}}],"collection":[{"href":"https:\/\/www.limboo.agency\/it\/wp-json\/wp\/v2\/pages"}],"about":[{"href":"https:\/\/www.limboo.agency\/it\/wp-json\/wp\/v2\/types\/page"}],"author":[{"embeddable":true,"href":"https:\/\/www.limboo.agency\/it\/wp-json\/wp\/v2\/users\/1"}],"replies":[{"embeddable":true,"href":"https:\/\/www.limboo.agency\/it\/wp-json\/wp\/v2\/comments?post=5719"}],"version-history":[{"count":17,"href":"https:\/\/www.limboo.agency\/it\/wp-json\/wp\/v2\/pages\/5719\/revisions"}],"predecessor-version":[{"id":7273,"href":"https:\/\/www.limboo.agency\/it\/wp-json\/wp\/v2\/pages\/5719\/revisions\/7273"}],"wp:attachment":[{"href":"https:\/\/www.limboo.agency\/it\/wp-json\/wp\/v2\/media?parent=5719"}],"curies":[{"name":"wp","href":"https:\/\/api.w.org\/{rel}","templated":true}]}}